{"id":256,"date":"2023-08-17T20:17:16","date_gmt":"2023-08-17T23:17:16","guid":{"rendered":"https:\/\/alosan.com.br\/?page_id=256"},"modified":"2025-01-30T10:59:37","modified_gmt":"2025-01-30T13:59:37","slug":"tratamento-de-esgoto-2","status":"publish","type":"page","link":"https:\/\/alosan.com.br\/index.php\/tratamento-de-esgoto-2\/","title":{"rendered":"Tratamento de esgoto"},"content":{"rendered":"\t\t<div data-elementor-type=\"wp-page\" data-elementor-id=\"256\" class=\"elementor elementor-256\">\n\t\t\t\t\t\t<section class=\"elementor-section elementor-top-section elementor-element elementor-element-ca4d3af elementor-section-boxed elementor-section-height-default elementor-section-height-default\" data-id=\"ca4d3af\" data-element_type=\"section\">\n\t\t\t\t\t\t<div class=\"elementor-container elementor-column-gap-default\">\n\t\t\t\t\t<div class=\"elementor-column elementor-col-100 elementor-top-column elementor-element elementor-element-22dcb32\" data-id=\"22dcb32\" data-element_type=\"column\" data-settings=\"{&quot;background_background&quot;:&quot;classic&quot;}\">\n\t\t\t<div class=\"elementor-widget-wrap elementor-element-populated\">\n\t\t\t\t\t\t<div class=\"elementor-element elementor-element-bba1444 elementor-widget elementor-widget-heading\" data-id=\"bba1444\" data-element_type=\"widget\" data-widget_type=\"heading.default\">\n\t\t\t\t<div class=\"elementor-widget-container\">\n\t\t\t\t\t<h2 class=\"elementor-heading-title elementor-size-default\">ESTA\u00c7\u00d5ES DE TRATAMENTO DE ESGOTO<\/h2>\t\t\t\t<\/div>\n\t\t\t\t<\/div>\n\t\t\t\t<div class=\"elementor-element elementor-element-99bcdb3 elementor-widget elementor-widget-spacer\" data-id=\"99bcdb3\" data-element_type=\"widget\" data-widget_type=\"spacer.default\">\n\t\t\t\t<div class=\"elementor-widget-container\">\n\t\t\t\t\t\t\t<div class=\"elementor-spacer\">\n\t\t\t<div class=\"elementor-spacer-inner\"><\/div>\n\t\t<\/div>\n\t\t\t\t\t\t<\/div>\n\t\t\t\t<\/div>\n\t\t\t\t\t<\/div>\n\t\t<\/div>\n\t\t\t\t\t<\/div>\n\t\t<\/section>\n\t\t\t\t<section class=\"elementor-section elementor-top-section elementor-element elementor-element-581a64c elementor-section-boxed elementor-section-height-default elementor-section-height-default\" data-id=\"581a64c\" data-element_type=\"section\">\n\t\t\t\t\t\t<div class=\"elementor-container elementor-column-gap-default\">\n\t\t\t\t\t<div class=\"elementor-column elementor-col-100 elementor-top-column elementor-element elementor-element-13ff8bc\" data-id=\"13ff8bc\" data-element_type=\"column\" data-settings=\"{&quot;background_background&quot;:&quot;classic&quot;}\">\n\t\t\t<div class=\"elementor-widget-wrap elementor-element-populated\">\n\t\t\t\t\t\t<div class=\"elementor-element elementor-element-981d6bf elementor-widget elementor-widget-heading\" data-id=\"981d6bf\" data-element_type=\"widget\" data-widget_type=\"heading.default\">\n\t\t\t\t<div class=\"elementor-widget-container\">\n\t\t\t\t\t<h2 class=\"elementor-heading-title elementor-size-default\">INDUSTRIAL<\/h2>\t\t\t\t<\/div>\n\t\t\t\t<\/div>\n\t\t\t\t\t<\/div>\n\t\t<\/div>\n\t\t\t\t\t<\/div>\n\t\t<\/section>\n\t\t\t\t<section class=\"elementor-section elementor-top-section elementor-element elementor-element-d0f500f elementor-section-content-middle elementor-section-boxed elementor-section-height-default elementor-section-height-default\" data-id=\"d0f500f\" data-element_type=\"section\">\n\t\t\t\t\t\t<div class=\"elementor-container elementor-column-gap-default\">\n\t\t\t\t\t<div class=\"elementor-column elementor-col-50 elementor-top-column elementor-element elementor-element-1bb3838\" data-id=\"1bb3838\" data-element_type=\"column\" data-settings=\"{&quot;background_background&quot;:&quot;classic&quot;}\">\n\t\t\t<div class=\"elementor-widget-wrap elementor-element-populated\">\n\t\t\t\t\t\t<div class=\"elementor-element elementor-element-635cc1e elementor-widget elementor-widget-image\" data-id=\"635cc1e\" data-element_type=\"widget\" data-widget_type=\"image.default\">\n\t\t\t\t<div class=\"elementor-widget-container\">\n\t\t\t\t\t\t\t\t\t\t\t\t\t\t\t<img fetchpriority=\"high\" decoding=\"async\" width=\"660\" height=\"240\" src=\"https:\/\/alosan.com.br\/wp-content\/uploads\/2023\/08\/ete_landing1.jpg\" class=\"attachment-large size-large wp-image-258\" alt=\"\" srcset=\"https:\/\/alosan.com.br\/wp-content\/uploads\/2023\/08\/ete_landing1.jpg 660w, https:\/\/alosan.com.br\/wp-content\/uploads\/2023\/08\/ete_landing1-300x109.jpg 300w\" sizes=\"(max-width: 660px) 100vw, 660px\" \/>\t\t\t\t\t\t\t\t\t\t\t\t\t\t\t<\/div>\n\t\t\t\t<\/div>\n\t\t\t\t\t<\/div>\n\t\t<\/div>\n\t\t\t\t<div class=\"elementor-column elementor-col-50 elementor-top-column elementor-element elementor-element-2cd33e5\" data-id=\"2cd33e5\" data-element_type=\"column\" data-settings=\"{&quot;background_background&quot;:&quot;classic&quot;}\">\n\t\t\t<div class=\"elementor-widget-wrap elementor-element-populated\">\n\t\t\t\t\t\t<div class=\"elementor-element elementor-element-6caeb4e elementor-widget elementor-widget-text-editor\" data-id=\"6caeb4e\" data-element_type=\"widget\" data-widget_type=\"text-editor.default\">\n\t\t\t\t<div class=\"elementor-widget-container\">\n\t\t\t\t\t\t\t\t\t<p>As Esta\u00e7\u00f5es de Tratamento de Esgoto (ETE&#8217;s) compactas s\u00e3o compostas por decantador anaer\u00f3bio prim\u00e1rio, reator aer\u00f3bio, com soprador radial de ar e difusores, decantador secund\u00e1rio (lodos ativados) e tanque de contato para a desinfec\u00e7\u00e3o final.<br \/>Fabricadas em PRFV, oferecem excelente resist\u00eancia qu\u00edmica e mec\u00e2nica e s\u00e3o ideais para Condim\u00ednios,Ind\u00fastrias, Empresas, Estabelecimentos comerciais, Canteiros de Obras. Por serem modulares, se adequam as necessidades de vaz\u00e3o exigidas e s\u00e3o de r\u00e1pida instala\u00e7\u00e3o.<\/p>\t\t\t\t\t\t\t\t<\/div>\n\t\t\t\t<\/div>\n\t\t\t\t\t<\/div>\n\t\t<\/div>\n\t\t\t\t\t<\/div>\n\t\t<\/section>\n\t\t\t\t<section class=\"elementor-section elementor-top-section elementor-element elementor-element-a0a2c29 elementor-section-boxed elementor-section-height-default elementor-section-height-default\" data-id=\"a0a2c29\" data-element_type=\"section\">\n\t\t\t\t\t\t<div class=\"elementor-container elementor-column-gap-default\">\n\t\t\t\t\t<div class=\"elementor-column elementor-col-100 elementor-top-column elementor-element elementor-element-6a60466\" data-id=\"6a60466\" data-element_type=\"column\" data-settings=\"{&quot;background_background&quot;:&quot;classic&quot;}\">\n\t\t\t<div class=\"elementor-widget-wrap elementor-element-populated\">\n\t\t\t\t\t\t<div class=\"elementor-element elementor-element-d4f3043 elementor-widget elementor-widget-heading\" data-id=\"d4f3043\" data-element_type=\"widget\" data-widget_type=\"heading.default\">\n\t\t\t\t<div class=\"elementor-widget-container\">\n\t\t\t\t\t<h2 class=\"elementor-heading-title elementor-size-default\">RESIDENCIAL<\/h2>\t\t\t\t<\/div>\n\t\t\t\t<\/div>\n\t\t\t\t\t<\/div>\n\t\t<\/div>\n\t\t\t\t\t<\/div>\n\t\t<\/section>\n\t\t\t\t<section class=\"elementor-section elementor-top-section elementor-element elementor-element-626f21f elementor-section-content-middle elementor-section-boxed elementor-section-height-default elementor-section-height-default\" data-id=\"626f21f\" data-element_type=\"section\">\n\t\t\t\t\t\t<div class=\"elementor-container elementor-column-gap-default\">\n\t\t\t\t\t<div class=\"elementor-column elementor-col-50 elementor-top-column elementor-element elementor-element-d158efe\" data-id=\"d158efe\" data-element_type=\"column\" data-settings=\"{&quot;background_background&quot;:&quot;classic&quot;}\">\n\t\t\t<div class=\"elementor-widget-wrap elementor-element-populated\">\n\t\t\t\t\t\t<div class=\"elementor-element elementor-element-eb65566 elementor-widget elementor-widget-image\" data-id=\"eb65566\" data-element_type=\"widget\" data-widget_type=\"image.default\">\n\t\t\t\t<div class=\"elementor-widget-container\">\n\t\t\t\t\t\t\t\t\t\t\t\t\t\t\t<img decoding=\"async\" width=\"660\" height=\"240\" src=\"https:\/\/alosan.com.br\/wp-content\/uploads\/2023\/08\/ete_landing.jpg\" class=\"attachment-large size-large wp-image-259\" alt=\"\" srcset=\"https:\/\/alosan.com.br\/wp-content\/uploads\/2023\/08\/ete_landing.jpg 660w, https:\/\/alosan.com.br\/wp-content\/uploads\/2023\/08\/ete_landing-300x109.jpg 300w\" sizes=\"(max-width: 660px) 100vw, 660px\" \/>\t\t\t\t\t\t\t\t\t\t\t\t\t\t\t<\/div>\n\t\t\t\t<\/div>\n\t\t\t\t\t<\/div>\n\t\t<\/div>\n\t\t\t\t<div class=\"elementor-column elementor-col-50 elementor-top-column elementor-element elementor-element-6321711\" data-id=\"6321711\" data-element_type=\"column\" data-settings=\"{&quot;background_background&quot;:&quot;classic&quot;}\">\n\t\t\t<div class=\"elementor-widget-wrap elementor-element-populated\">\n\t\t\t\t\t\t<div class=\"elementor-element elementor-element-79ea424 elementor-widget elementor-widget-text-editor\" data-id=\"79ea424\" data-element_type=\"widget\" data-widget_type=\"text-editor.default\">\n\t\t\t\t<div class=\"elementor-widget-container\">\n\t\t\t\t\t\t\t\t\t<p>Destinam-se ao segmento de condom\u00ednios horizontais e verticais, com o tratamento de esgoto atrav\u00e9s de sistema de Fossa-Filtro ou ainda Esta\u00e7\u00f5es Compactas de Tratamento de Esgoto (ETE&#8217;s) Confeccionadas em alvenaria por nossa equipe de montagem e com projeto estrutural incluso GR\u00c1TIS !!.<\/p>\t\t\t\t\t\t\t\t<\/div>\n\t\t\t\t<\/div>\n\t\t\t\t\t<\/div>\n\t\t<\/div>\n\t\t\t\t\t<\/div>\n\t\t<\/section>\n\t\t\t\t<section class=\"elementor-section elementor-top-section elementor-element elementor-element-049306c elementor-section-boxed elementor-section-height-default elementor-section-height-default\" data-id=\"049306c\" data-element_type=\"section\">\n\t\t\t\t\t\t<div class=\"elementor-container elementor-column-gap-default\">\n\t\t\t\t\t<div class=\"elementor-column elementor-col-100 elementor-top-column elementor-element elementor-element-7595fc7\" data-id=\"7595fc7\" data-element_type=\"column\" data-settings=\"{&quot;background_background&quot;:&quot;classic&quot;}\">\n\t\t\t<div class=\"elementor-widget-wrap elementor-element-populated\">\n\t\t\t\t\t\t<div class=\"elementor-element elementor-element-33466e8 elementor-widget elementor-widget-heading\" data-id=\"33466e8\" data-element_type=\"widget\" data-widget_type=\"heading.default\">\n\t\t\t\t<div class=\"elementor-widget-container\">\n\t\t\t\t\t<h2 class=\"elementor-heading-title elementor-size-default\">RESIDENCIAL<\/h2>\t\t\t\t<\/div>\n\t\t\t\t<\/div>\n\t\t\t\t\t<\/div>\n\t\t<\/div>\n\t\t\t\t\t<\/div>\n\t\t<\/section>\n\t\t\t\t<section class=\"elementor-section elementor-top-section elementor-element elementor-element-e2f1f9a elementor-section-content-middle elementor-section-boxed elementor-section-height-default elementor-section-height-default\" data-id=\"e2f1f9a\" data-element_type=\"section\">\n\t\t\t\t\t\t<div class=\"elementor-container elementor-column-gap-default\">\n\t\t\t\t\t<div class=\"elementor-column elementor-col-50 elementor-top-column elementor-element elementor-element-1265cfc\" data-id=\"1265cfc\" data-element_type=\"column\" data-settings=\"{&quot;background_background&quot;:&quot;classic&quot;}\">\n\t\t\t<div class=\"elementor-widget-wrap elementor-element-populated\">\n\t\t\t\t\t\t<div class=\"elementor-element elementor-element-d1fa2f8 elementor-widget elementor-widget-image\" data-id=\"d1fa2f8\" data-element_type=\"widget\" data-widget_type=\"image.default\">\n\t\t\t\t<div class=\"elementor-widget-container\">\n\t\t\t\t\t\t\t\t\t\t\t\t\t\t\t<img decoding=\"async\" width=\"320\" height=\"240\" src=\"https:\/\/alosan.com.br\/wp-content\/uploads\/2023\/08\/match_fossa.jpg\" class=\"attachment-large size-large wp-image-261\" alt=\"\" srcset=\"https:\/\/alosan.com.br\/wp-content\/uploads\/2023\/08\/match_fossa.jpg 320w, https:\/\/alosan.com.br\/wp-content\/uploads\/2023\/08\/match_fossa-300x225.jpg 300w\" sizes=\"(max-width: 320px) 100vw, 320px\" \/>\t\t\t\t\t\t\t\t\t\t\t\t\t\t\t<\/div>\n\t\t\t\t<\/div>\n\t\t\t\t\t<\/div>\n\t\t<\/div>\n\t\t\t\t<div class=\"elementor-column elementor-col-50 elementor-top-column elementor-element elementor-element-4c85e45\" data-id=\"4c85e45\" data-element_type=\"column\" data-settings=\"{&quot;background_background&quot;:&quot;classic&quot;}\">\n\t\t\t<div class=\"elementor-widget-wrap elementor-element-populated\">\n\t\t\t\t\t\t<div class=\"elementor-element elementor-element-70ec949 elementor-widget elementor-widget-text-editor\" data-id=\"70ec949\" data-element_type=\"widget\" data-widget_type=\"text-editor.default\">\n\t\t\t\t<div class=\"elementor-widget-container\">\n\t\t\t\t\t\t\t\t\t<p>O sistema de tratamento de esgoto sanit\u00e1rio \u00e9 constitu\u00eddo por Fossa S\u00e9ptica, seguida de Filtro Anaer\u00f3bio e Sumidouro. \u00c9 um dos mais simples, por\u00e9m eficiente, sistema de tratamento de esgoto dom\u00e9stico previsto nas Normas NBR 7229 e 13969. O sistema apresenta baixo investimento, requer pouco espa\u00e7o para instala\u00e7\u00e3o e baixo custo de manuten\u00e7\u00e3o. Oferecemos o projeto estrutural para a instala\u00e7\u00e3o sem custo adicional<\/p>\t\t\t\t\t\t\t\t<\/div>\n\t\t\t\t<\/div>\n\t\t\t\t\t<\/div>\n\t\t<\/div>\n\t\t\t\t\t<\/div>\n\t\t<\/section>\n\t\t\t\t<section class=\"elementor-section elementor-top-section elementor-element elementor-element-712964f elementor-section-boxed elementor-section-height-default elementor-section-height-default\" data-id=\"712964f\" data-element_type=\"section\">\n\t\t\t\t\t\t<div class=\"elementor-container elementor-column-gap-default\">\n\t\t\t\t\t<div class=\"elementor-column elementor-col-100 elementor-top-column elementor-element elementor-element-2723ecd\" data-id=\"2723ecd\" data-element_type=\"column\" data-settings=\"{&quot;background_background&quot;:&quot;classic&quot;}\">\n\t\t\t<div class=\"elementor-widget-wrap elementor-element-populated\">\n\t\t\t\t\t\t<div class=\"elementor-element elementor-element-16423e8 elementor-widget elementor-widget-heading\" data-id=\"16423e8\" data-element_type=\"widget\" data-widget_type=\"heading.default\">\n\t\t\t\t<div class=\"elementor-widget-container\">\n\t\t\t\t\t<h2 class=\"elementor-heading-title elementor-size-default\">HORIZONTAL<\/h2>\t\t\t\t<\/div>\n\t\t\t\t<\/div>\n\t\t\t\t\t<\/div>\n\t\t<\/div>\n\t\t\t\t\t<\/div>\n\t\t<\/section>\n\t\t\t\t<section class=\"elementor-section elementor-top-section elementor-element elementor-element-35bd988 elementor-section-content-middle elementor-section-boxed elementor-section-height-default elementor-section-height-default\" data-id=\"35bd988\" data-element_type=\"section\">\n\t\t\t\t\t\t<div class=\"elementor-container elementor-column-gap-default\">\n\t\t\t\t\t<div class=\"elementor-column elementor-col-100 elementor-top-column elementor-element elementor-element-1e487c4\" data-id=\"1e487c4\" data-element_type=\"column\" data-settings=\"{&quot;background_background&quot;:&quot;classic&quot;}\">\n\t\t\t<div class=\"elementor-widget-wrap elementor-element-populated\">\n\t\t\t\t\t\t<div class=\"elementor-element elementor-element-8edd81b elementor-widget elementor-widget-image\" data-id=\"8edd81b\" data-element_type=\"widget\" data-widget_type=\"image.default\">\n\t\t\t\t<div class=\"elementor-widget-container\">\n\t\t\t\t\t\t\t\t\t\t\t\t\t\t\t<img loading=\"lazy\" decoding=\"async\" width=\"320\" height=\"240\" src=\"https:\/\/alosan.com.br\/wp-content\/uploads\/2023\/08\/ete.jpg\" class=\"attachment-large size-large wp-image-260\" alt=\"\" srcset=\"https:\/\/alosan.com.br\/wp-content\/uploads\/2023\/08\/ete.jpg 320w, https:\/\/alosan.com.br\/wp-content\/uploads\/2023\/08\/ete-300x225.jpg 300w\" sizes=\"(max-width: 320px) 100vw, 320px\" \/>\t\t\t\t\t\t\t\t\t\t\t\t\t\t\t<\/div>\n\t\t\t\t<\/div>\n\t\t\t\t<div class=\"elementor-element elementor-element-d6c27ee elementor-widget elementor-widget-text-editor\" data-id=\"d6c27ee\" data-element_type=\"widget\" data-widget_type=\"text-editor.default\">\n\t\t\t\t<div class=\"elementor-widget-container\">\n\t\t\t\t\t\t\t\t\t<p>As Esta\u00e7\u00f5es de Tratamento de Esgoto (ETE&#8217;s) compactas s\u00e3o compostas por decantador anaer\u00f3bio prim\u00e1rio, reator aer\u00f3bio, com soprador radial de ar e difusores, decantador secund\u00e1rio (lodos ativados) e tanque de contato para a desinfec\u00e7\u00e3o final.<br \/>Fabricadas em PRFV, oferecem excelente resist\u00eancia qu\u00edmica e mec\u00e2nica e s\u00e3o ideais para Condim\u00ednios, Ind\u00fastrias, Empresas eEstabelecimentos comerciais .<br \/>Por serem modulares, se adequam as necessidades de vaz\u00e3o exigidas e s\u00e3o de r\u00e1pida instala\u00e7\u00e3o.<br \/>-Consumo m\u00ednimo de energia;<br \/>-Sistema modular, que se adequa \u00e0 qualquer configura\u00e7\u00e3o f\u00edsica;<br \/>-Automatiza\u00e7\u00e3o de processos, dispensando m\u00e3o-de-obra constante;<br \/>-Taxa de Remo\u00e7\u00e3o de cargas org\u00e2nicas na ordem de 95%;<br \/>-Elimina\u00e7\u00e3o de odores;<br \/>-F\u00e1cil instala\u00e7\u00e3o, opera\u00e7\u00e3o e controle;<br \/>-Todo o equipamento em PRFV (pol\u00edmero refor\u00e7ado com fibra de vidro;)<br \/>-Plataforma de apoio com projeto estrutural incluso e GR\u00c0TIS !<br \/>-Atende a Norma CONAMA 430;<\/p>\t\t\t\t\t\t\t\t<\/div>\n\t\t\t\t<\/div>\n\t\t\t\t\t<\/div>\n\t\t<\/div>\n\t\t\t\t\t<\/div>\n\t\t<\/section>\n\t\t\t\t<section class=\"elementor-section elementor-top-section elementor-element elementor-element-cd621c4 elementor-section-boxed elementor-section-height-default elementor-section-height-default\" data-id=\"cd621c4\" data-element_type=\"section\">\n\t\t\t\t\t\t<div class=\"elementor-container elementor-column-gap-default\">\n\t\t\t\t\t<div class=\"elementor-column elementor-col-100 elementor-top-column elementor-element elementor-element-8f50e2a\" data-id=\"8f50e2a\" data-element_type=\"column\">\n\t\t\t<div class=\"elementor-widget-wrap elementor-element-populated\">\n\t\t\t\t\t\t<div class=\"elementor-element elementor-element-4b876e1 elementor-widget elementor-widget-spacer\" data-id=\"4b876e1\" data-element_type=\"widget\" data-widget_type=\"spacer.default\">\n\t\t\t\t<div class=\"elementor-widget-container\">\n\t\t\t\t\t\t\t<div class=\"elementor-spacer\">\n\t\t\t<div class=\"elementor-spacer-inner\"><\/div>\n\t\t<\/div>\n\t\t\t\t\t\t<\/div>\n\t\t\t\t<\/div>\n\t\t\t\t\t<\/div>\n\t\t<\/div>\n\t\t\t\t\t<\/div>\n\t\t<\/section>\n\t\t\t\t<\/div>\n\t\t","protected":false},"excerpt":{"rendered":"<p>ESTA\u00c7\u00d5ES DE TRATAMENTO DE ESGOTO INDUSTRIAL As Esta\u00e7\u00f5es de Tratamento de Esgoto (ETE&#8217;s) compactas s\u00e3o compostas por decantador anaer\u00f3bio prim\u00e1rio, reator aer\u00f3bio, com soprador radial de ar e difusores, decantador secund\u00e1rio (lodos ativados) e tanque de contato para a desinfec\u00e7\u00e3o final.Fabricadas em PRFV, oferecem excelente resist\u00eancia qu\u00edmica e mec\u00e2nica e s\u00e3o ideais para Condim\u00ednios,Ind\u00fastrias, Empresas, [&hellip;]<\/p>\n","protected":false},"author":1,"featured_media":0,"parent":0,"menu_order":0,"comment_status":"closed","ping_status":"closed","template":"elementor_header_footer","meta":{"footnotes":""},"class_list":["post-256","page","type-page","status-publish","hentry"],"_links":{"self":[{"href":"https:\/\/alosan.com.br\/index.php\/wp-json\/wp\/v2\/pages\/256","targetHints":{"allow":["GET"]}}],"collection":[{"href":"https:\/\/alosan.com.br\/index.php\/wp-json\/wp\/v2\/pages"}],"about":[{"href":"https:\/\/alosan.com.br\/index.php\/wp-json\/wp\/v2\/types\/page"}],"author":[{"embeddable":true,"href":"https:\/\/alosan.com.br\/index.php\/wp-json\/wp\/v2\/users\/1"}],"replies":[{"embeddable":true,"href":"https:\/\/alosan.com.br\/index.php\/wp-json\/wp\/v2\/comments?post=256"}],"version-history":[{"count":3,"href":"https:\/\/alosan.com.br\/index.php\/wp-json\/wp\/v2\/pages\/256\/revisions"}],"predecessor-version":[{"id":749,"href":"https:\/\/alosan.com.br\/index.php\/wp-json\/wp\/v2\/pages\/256\/revisions\/749"}],"wp:attachment":[{"href":"https:\/\/alosan.com.br\/index.php\/wp-json\/wp\/v2\/media?parent=256"}],"curies":[{"name":"wp","href":"https:\/\/api.w.org\/{rel}","templated":true}]}}