{"id":271,"date":"2023-08-17T20:29:57","date_gmt":"2023-08-17T23:29:57","guid":{"rendered":"https:\/\/alosan.com.br\/?page_id=271"},"modified":"2025-01-30T10:54:32","modified_gmt":"2025-01-30T13:54:32","slug":"tratamento-de-efluentes-2","status":"publish","type":"page","link":"https:\/\/alosan.com.br\/index.php\/tratamento-de-efluentes-2\/","title":{"rendered":"Tratamento de Efluentes"},"content":{"rendered":"\t\t<div data-elementor-type=\"wp-page\" data-elementor-id=\"271\" class=\"elementor elementor-271\">\n\t\t\t\t\t\t<section class=\"elementor-section elementor-top-section elementor-element elementor-element-9b519b2 elementor-section-boxed elementor-section-height-default elementor-section-height-default\" data-id=\"9b519b2\" data-element_type=\"section\">\n\t\t\t\t\t\t<div class=\"elementor-container elementor-column-gap-default\">\n\t\t\t\t\t<div class=\"elementor-column elementor-col-100 elementor-top-column elementor-element elementor-element-bc6ad48\" data-id=\"bc6ad48\" data-element_type=\"column\" data-settings=\"{&quot;background_background&quot;:&quot;classic&quot;}\">\n\t\t\t<div class=\"elementor-widget-wrap elementor-element-populated\">\n\t\t\t\t\t\t<div class=\"elementor-element elementor-element-1e68067 elementor-widget elementor-widget-heading\" data-id=\"1e68067\" data-element_type=\"widget\" data-widget_type=\"heading.default\">\n\t\t\t\t<div class=\"elementor-widget-container\">\n\t\t\t\t\t<h2 class=\"elementor-heading-title elementor-size-default\">ESTA\u00c7\u00d5ES DE TRATAMENTO DE EFLUENTES<\/h2>\t\t\t\t<\/div>\n\t\t\t\t<\/div>\n\t\t\t\t<div class=\"elementor-element elementor-element-5a4b0c9 elementor-widget elementor-widget-spacer\" data-id=\"5a4b0c9\" data-element_type=\"widget\" data-widget_type=\"spacer.default\">\n\t\t\t\t<div class=\"elementor-widget-container\">\n\t\t\t\t\t\t\t<div class=\"elementor-spacer\">\n\t\t\t<div class=\"elementor-spacer-inner\"><\/div>\n\t\t<\/div>\n\t\t\t\t\t\t<\/div>\n\t\t\t\t<\/div>\n\t\t\t\t\t<\/div>\n\t\t<\/div>\n\t\t\t\t\t<\/div>\n\t\t<\/section>\n\t\t\t\t<section class=\"elementor-section elementor-top-section elementor-element elementor-element-7cc167a elementor-section-boxed elementor-section-height-default elementor-section-height-default\" data-id=\"7cc167a\" data-element_type=\"section\">\n\t\t\t\t\t\t<div class=\"elementor-container elementor-column-gap-default\">\n\t\t\t\t\t<div class=\"elementor-column elementor-col-100 elementor-top-column elementor-element elementor-element-563fcf3\" data-id=\"563fcf3\" data-element_type=\"column\" data-settings=\"{&quot;background_background&quot;:&quot;classic&quot;}\">\n\t\t\t<div class=\"elementor-widget-wrap elementor-element-populated\">\n\t\t\t\t\t\t<div class=\"elementor-element elementor-element-7f65c2a elementor-widget elementor-widget-heading\" data-id=\"7f65c2a\" data-element_type=\"widget\" data-widget_type=\"heading.default\">\n\t\t\t\t<div class=\"elementor-widget-container\">\n\t\t\t\t\t<h2 class=\"elementor-heading-title elementor-size-default\">F\u00cdSICO-QU\u00cdMICO<\/h2>\t\t\t\t<\/div>\n\t\t\t\t<\/div>\n\t\t\t\t\t<\/div>\n\t\t<\/div>\n\t\t\t\t\t<\/div>\n\t\t<\/section>\n\t\t\t\t<section class=\"elementor-section elementor-top-section elementor-element elementor-element-f55440a elementor-section-content-middle elementor-section-boxed elementor-section-height-default elementor-section-height-default\" data-id=\"f55440a\" data-element_type=\"section\">\n\t\t\t\t\t\t<div class=\"elementor-container elementor-column-gap-default\">\n\t\t\t\t\t<div class=\"elementor-column elementor-col-50 elementor-top-column elementor-element elementor-element-5ed73ae\" data-id=\"5ed73ae\" data-element_type=\"column\" data-settings=\"{&quot;background_background&quot;:&quot;classic&quot;}\">\n\t\t\t<div class=\"elementor-widget-wrap elementor-element-populated\">\n\t\t\t\t\t\t<div class=\"elementor-element elementor-element-635cc1e elementor-widget elementor-widget-image\" data-id=\"635cc1e\" data-element_type=\"widget\" data-widget_type=\"image.default\">\n\t\t\t\t<div class=\"elementor-widget-container\">\n\t\t\t\t\t\t\t\t\t\t\t\t\t\t\t<img fetchpriority=\"high\" decoding=\"async\" width=\"320\" height=\"240\" src=\"https:\/\/alosan.com.br\/wp-content\/uploads\/2023\/08\/fisico.jpg\" class=\"attachment-large size-large wp-image-276\" alt=\"\" srcset=\"https:\/\/alosan.com.br\/wp-content\/uploads\/2023\/08\/fisico.jpg 320w, https:\/\/alosan.com.br\/wp-content\/uploads\/2023\/08\/fisico-300x225.jpg 300w\" sizes=\"(max-width: 320px) 100vw, 320px\" \/>\t\t\t\t\t\t\t\t\t\t\t\t\t\t\t<\/div>\n\t\t\t\t<\/div>\n\t\t\t\t\t<\/div>\n\t\t<\/div>\n\t\t\t\t<div class=\"elementor-column elementor-col-50 elementor-top-column elementor-element elementor-element-0e69d13\" data-id=\"0e69d13\" data-element_type=\"column\" data-settings=\"{&quot;background_background&quot;:&quot;classic&quot;}\">\n\t\t\t<div class=\"elementor-widget-wrap elementor-element-populated\">\n\t\t\t\t\t\t<div class=\"elementor-element elementor-element-29a54bd elementor-widget elementor-widget-text-editor\" data-id=\"29a54bd\" data-element_type=\"widget\" data-widget_type=\"text-editor.default\">\n\t\t\t\t<div class=\"elementor-widget-container\">\n\t\t\t\t\t\t\t\t\t<p>As Esta\u00e7\u00f5es de Tratamento f\u00edsico-qu\u00edmico s\u00e3o dotadas de processos, que s\u00e3o envolvidos a coagula\u00e7\u00e3o, a flocula\u00e7\u00e3o qu\u00edmica, a decanta\u00e7\u00e3o e a filtra\u00e7\u00e3o. Os equipamentos envolvidos , a floculador por mistura hidr\u00e1ulica, a c\u00e2mara decantadora e a filtra\u00e7\u00e3o. O misturador hidr\u00e1ulico recebe os produtos qu\u00edmicos e, ap\u00f3s a dosagem e mistura dos produtos qu\u00edmicos com a \u00e1gua no interior do mesmo, a \u00e1gua \u00e9 enviada ao floco decantador que por gravidade opera a decanta\u00e7\u00e3o.<br \/>O lodo decantado \u00e9 depositado no tanque para este fim e futura destina\u00e7\u00e3o e o efluente tratado fica \u00e0 disposi\u00e7\u00e3o para novos usos.<\/p>\t\t\t\t\t\t\t\t<\/div>\n\t\t\t\t<\/div>\n\t\t\t\t\t<\/div>\n\t\t<\/div>\n\t\t\t\t\t<\/div>\n\t\t<\/section>\n\t\t\t\t<section class=\"elementor-section elementor-top-section elementor-element elementor-element-f72431e elementor-section-boxed elementor-section-height-default elementor-section-height-default\" data-id=\"f72431e\" data-element_type=\"section\">\n\t\t\t\t\t\t<div class=\"elementor-container elementor-column-gap-default\">\n\t\t\t\t\t<div class=\"elementor-column elementor-col-100 elementor-top-column elementor-element elementor-element-defd198\" data-id=\"defd198\" data-element_type=\"column\" data-settings=\"{&quot;background_background&quot;:&quot;classic&quot;}\">\n\t\t\t<div class=\"elementor-widget-wrap elementor-element-populated\">\n\t\t\t\t\t\t<div class=\"elementor-element elementor-element-f168ddb elementor-widget elementor-widget-heading\" data-id=\"f168ddb\" data-element_type=\"widget\" data-widget_type=\"heading.default\">\n\t\t\t\t<div class=\"elementor-widget-container\">\n\t\t\t\t\t<h2 class=\"elementor-heading-title elementor-size-default\">BIOL\u00d3GICO<\/h2>\t\t\t\t<\/div>\n\t\t\t\t<\/div>\n\t\t\t\t\t<\/div>\n\t\t<\/div>\n\t\t\t\t\t<\/div>\n\t\t<\/section>\n\t\t\t\t<section class=\"elementor-section elementor-top-section elementor-element elementor-element-0dbba6c elementor-section-content-middle elementor-section-boxed elementor-section-height-default elementor-section-height-default\" data-id=\"0dbba6c\" data-element_type=\"section\">\n\t\t\t\t\t\t<div class=\"elementor-container elementor-column-gap-default\">\n\t\t\t\t\t<div class=\"elementor-column elementor-col-50 elementor-top-column elementor-element elementor-element-104e754\" data-id=\"104e754\" data-element_type=\"column\" data-settings=\"{&quot;background_background&quot;:&quot;classic&quot;}\">\n\t\t\t<div class=\"elementor-widget-wrap elementor-element-populated\">\n\t\t\t\t\t\t<div class=\"elementor-element elementor-element-eb65566 elementor-widget elementor-widget-image\" data-id=\"eb65566\" data-element_type=\"widget\" data-widget_type=\"image.default\">\n\t\t\t\t<div class=\"elementor-widget-container\">\n\t\t\t\t\t\t\t\t\t\t\t\t\t\t\t<img decoding=\"async\" width=\"660\" height=\"240\" src=\"https:\/\/alosan.com.br\/wp-content\/uploads\/2023\/08\/ete_landing1.jpg\" class=\"attachment-large size-large wp-image-258\" alt=\"\" srcset=\"https:\/\/alosan.com.br\/wp-content\/uploads\/2023\/08\/ete_landing1.jpg 660w, https:\/\/alosan.com.br\/wp-content\/uploads\/2023\/08\/ete_landing1-300x109.jpg 300w\" sizes=\"(max-width: 660px) 100vw, 660px\" \/>\t\t\t\t\t\t\t\t\t\t\t\t\t\t\t<\/div>\n\t\t\t\t<\/div>\n\t\t\t\t\t<\/div>\n\t\t<\/div>\n\t\t\t\t<div class=\"elementor-column elementor-col-50 elementor-top-column elementor-element elementor-element-13d37a3\" data-id=\"13d37a3\" data-element_type=\"column\" data-settings=\"{&quot;background_background&quot;:&quot;classic&quot;}\">\n\t\t\t<div class=\"elementor-widget-wrap elementor-element-populated\">\n\t\t\t\t\t\t<div class=\"elementor-element elementor-element-f1d967f elementor-widget elementor-widget-text-editor\" data-id=\"f1d967f\" data-element_type=\"widget\" data-widget_type=\"text-editor.default\">\n\t\t\t\t<div class=\"elementor-widget-container\">\n\t\t\t\t\t\t\t\t\t<p>O tratamento biol\u00f3gico \u00e9 um processo por meio do qual a mat\u00e9ria org\u00e2nica presente nos efluentes industriais \u00e9 degradada e digerida por microrganismos. Esse tipo de tratamento \u00e9 extremamente vantajoso, j\u00e1 que, com a carga org\u00e2nica reduzida, o enquadramento nos par\u00e2metros legais para descarte em c\u00f3rregos ou redes coletoras torna-se mais f\u00e1cil.<br \/>\u00a0<br \/>O efluente tratado \u00e9 encaminhado para reuso ou para a rede p\u00fablica.<\/p>\t\t\t\t\t\t\t\t<\/div>\n\t\t\t\t<\/div>\n\t\t\t\t\t<\/div>\n\t\t<\/div>\n\t\t\t\t\t<\/div>\n\t\t<\/section>\n\t\t\t\t<section class=\"elementor-section elementor-top-section elementor-element elementor-element-10eb768 elementor-section-boxed elementor-section-height-default elementor-section-height-default\" data-id=\"10eb768\" data-element_type=\"section\">\n\t\t\t\t\t\t<div class=\"elementor-container elementor-column-gap-default\">\n\t\t\t\t\t<div class=\"elementor-column elementor-col-100 elementor-top-column elementor-element elementor-element-b41a4c9\" data-id=\"b41a4c9\" data-element_type=\"column\">\n\t\t\t<div class=\"elementor-widget-wrap elementor-element-populated\">\n\t\t\t\t\t\t<div class=\"elementor-element elementor-element-6ac98a4 elementor-widget elementor-widget-spacer\" data-id=\"6ac98a4\" data-element_type=\"widget\" data-widget_type=\"spacer.default\">\n\t\t\t\t<div class=\"elementor-widget-container\">\n\t\t\t\t\t\t\t<div class=\"elementor-spacer\">\n\t\t\t<div class=\"elementor-spacer-inner\"><\/div>\n\t\t<\/div>\n\t\t\t\t\t\t<\/div>\n\t\t\t\t<\/div>\n\t\t\t\t\t<\/div>\n\t\t<\/div>\n\t\t\t\t\t<\/div>\n\t\t<\/section>\n\t\t\t\t<\/div>\n\t\t","protected":false},"excerpt":{"rendered":"<p>ESTA\u00c7\u00d5ES DE TRATAMENTO DE EFLUENTES F\u00cdSICO-QU\u00cdMICO As Esta\u00e7\u00f5es de Tratamento f\u00edsico-qu\u00edmico s\u00e3o dotadas de processos, que s\u00e3o envolvidos a coagula\u00e7\u00e3o, a flocula\u00e7\u00e3o qu\u00edmica, a decanta\u00e7\u00e3o e a filtra\u00e7\u00e3o. Os equipamentos envolvidos , a floculador por mistura hidr\u00e1ulica, a c\u00e2mara decantadora e a filtra\u00e7\u00e3o. O misturador hidr\u00e1ulico recebe os produtos qu\u00edmicos e, ap\u00f3s a dosagem e [&hellip;]<\/p>\n","protected":false},"author":1,"featured_media":0,"parent":0,"menu_order":0,"comment_status":"closed","ping_status":"closed","template":"elementor_header_footer","meta":{"footnotes":""},"class_list":["post-271","page","type-page","status-publish","hentry"],"_links":{"self":[{"href":"https:\/\/alosan.com.br\/index.php\/wp-json\/wp\/v2\/pages\/271","targetHints":{"allow":["GET"]}}],"collection":[{"href":"https:\/\/alosan.com.br\/index.php\/wp-json\/wp\/v2\/pages"}],"about":[{"href":"https:\/\/alosan.com.br\/index.php\/wp-json\/wp\/v2\/types\/page"}],"author":[{"embeddable":true,"href":"https:\/\/alosan.com.br\/index.php\/wp-json\/wp\/v2\/users\/1"}],"replies":[{"embeddable":true,"href":"https:\/\/alosan.com.br\/index.php\/wp-json\/wp\/v2\/comments?post=271"}],"version-history":[{"count":3,"href":"https:\/\/alosan.com.br\/index.php\/wp-json\/wp\/v2\/pages\/271\/revisions"}],"predecessor-version":[{"id":745,"href":"https:\/\/alosan.com.br\/index.php\/wp-json\/wp\/v2\/pages\/271\/revisions\/745"}],"wp:attachment":[{"href":"https:\/\/alosan.com.br\/index.php\/wp-json\/wp\/v2\/media?parent=271"}],"curies":[{"name":"wp","href":"https:\/\/api.w.org\/{rel}","templated":true}]}}