{"id":46,"date":"2023-07-01T11:28:15","date_gmt":"2023-07-01T14:28:15","guid":{"rendered":"https:\/\/alosan.com.br\/?page_id=46"},"modified":"2025-02-10T11:29:31","modified_gmt":"2025-02-10T14:29:31","slug":"sobre","status":"publish","type":"page","link":"https:\/\/alosan.com.br\/index.php\/sobre\/","title":{"rendered":"Sobre"},"content":{"rendered":"\t\t<div data-elementor-type=\"wp-page\" data-elementor-id=\"46\" class=\"elementor elementor-46\">\n\t\t\t\t\t\t<section class=\"elementor-section elementor-top-section elementor-element elementor-element-6f37fa04 elementor-section-boxed elementor-section-height-default elementor-section-height-default\" data-id=\"6f37fa04\" data-element_type=\"section\" data-settings=\"{&quot;background_background&quot;:&quot;classic&quot;}\">\n\t\t\t\t\t\t<div class=\"elementor-container elementor-column-gap-default\">\n\t\t\t\t\t<div class=\"elementor-column elementor-col-100 elementor-top-column elementor-element elementor-element-19fc7f6b\" data-id=\"19fc7f6b\" data-element_type=\"column\">\n\t\t\t<div class=\"elementor-widget-wrap elementor-element-populated\">\n\t\t\t\t\t\t<section class=\"elementor-section elementor-inner-section elementor-element elementor-element-bb9b4fe elementor-section-boxed elementor-section-height-default elementor-section-height-default\" data-id=\"bb9b4fe\" data-element_type=\"section\">\n\t\t\t\t\t\t<div class=\"elementor-container elementor-column-gap-default\">\n\t\t\t\t\t<div class=\"elementor-column elementor-col-50 elementor-inner-column elementor-element elementor-element-18f5fb6b\" data-id=\"18f5fb6b\" data-element_type=\"column\">\n\t\t\t<div class=\"elementor-widget-wrap elementor-element-populated\">\n\t\t\t\t\t\t<div class=\"elementor-element elementor-element-16bbe362 elementor-widget elementor-widget-heading\" data-id=\"16bbe362\" data-element_type=\"widget\" data-widget_type=\"heading.default\">\n\t\t\t\t<div class=\"elementor-widget-container\">\n\t\t\t\t\t<h2 class=\"elementor-heading-title elementor-size-default\">Conhe\u00e7a a nossa hist\u00f3ria<\/h2>\t\t\t\t<\/div>\n\t\t\t\t<\/div>\n\t\t\t\t<div class=\"elementor-element elementor-element-7dda3fb0 elementor-widget elementor-widget-text-editor\" data-id=\"7dda3fb0\" data-element_type=\"widget\" data-widget_type=\"text-editor.default\">\n\t\t\t\t<div class=\"elementor-widget-container\">\n\t\t\t\t\t\t\t\t\t<p>A Alosan Ambiental, \u00e9 especializada no segmento da Engenharia do Meio Ambiente, Saneamento e Fabrica\u00e7\u00e3o de equipamentos para tratamento de \u00e1gua, esgoto e efluentes industriais com mais de 25 anos de experi\u00eancia.<\/p>\n<p>Visando oferecer as mais adequadas solu\u00e7\u00f5es e planejamento junto aos clientes, acompanhamos desde a concep\u00e7\u00e3o dos projetos at\u00e9 a execu\u00e7\u00e3o, conseguindo o mais adequado atendimento aos requisitos t\u00e9cnicos pertinentes e o fornecimento dos equipamentos que melhor se enquadrem a cada caso.<\/p>\t\t\t\t\t\t\t\t<\/div>\n\t\t\t\t<\/div>\n\t\t\t\t\t<\/div>\n\t\t<\/div>\n\t\t\t\t<div class=\"elementor-column elementor-col-50 elementor-inner-column elementor-element elementor-element-a8ba4c7\" data-id=\"a8ba4c7\" data-element_type=\"column\">\n\t\t\t<div class=\"elementor-widget-wrap elementor-element-populated\">\n\t\t\t\t\t\t<div class=\"elementor-element elementor-element-df13ff0 elementor-widget elementor-widget-image\" data-id=\"df13ff0\" data-element_type=\"widget\" data-widget_type=\"image.default\">\n\t\t\t\t<div class=\"elementor-widget-container\">\n\t\t\t\t\t\t\t\t\t\t\t\t\t\t\t<img fetchpriority=\"high\" decoding=\"async\" width=\"1000\" height=\"560\" src=\"https:\/\/alosan.com.br\/wp-content\/uploads\/2025\/01\/9958-1.jpg\" class=\"attachment-2048x2048 size-2048x2048 wp-image-724\" alt=\"\" srcset=\"https:\/\/alosan.com.br\/wp-content\/uploads\/2025\/01\/9958-1.jpg 1000w, https:\/\/alosan.com.br\/wp-content\/uploads\/2025\/01\/9958-1-300x168.jpg 300w, https:\/\/alosan.com.br\/wp-content\/uploads\/2025\/01\/9958-1-768x430.jpg 768w\" sizes=\"(max-width: 1000px) 100vw, 1000px\" \/>\t\t\t\t\t\t\t\t\t\t\t\t\t\t\t<\/div>\n\t\t\t\t<\/div>\n\t\t\t\t\t<\/div>\n\t\t<\/div>\n\t\t\t\t\t<\/div>\n\t\t<\/section>\n\t\t\t\t<div class=\"elementor-element elementor-element-ee842bf elementor-widget-divider--view-line elementor-widget elementor-widget-divider\" data-id=\"ee842bf\" data-element_type=\"widget\" data-widget_type=\"divider.default\">\n\t\t\t\t<div class=\"elementor-widget-container\">\n\t\t\t\t\t\t\t<div class=\"elementor-divider\">\n\t\t\t<span class=\"elementor-divider-separator\">\n\t\t\t\t\t\t<\/span>\n\t\t<\/div>\n\t\t\t\t\t\t<\/div>\n\t\t\t\t<\/div>\n\t\t\t\t\t<\/div>\n\t\t<\/div>\n\t\t\t\t\t<\/div>\n\t\t<\/section>\n\t\t\t\t<\/div>\n\t\t","protected":false},"excerpt":{"rendered":"<p>Conhe\u00e7a a nossa hist\u00f3ria A Alosan Ambiental, \u00e9 especializada no segmento da Engenharia do Meio Ambiente, Saneamento e Fabrica\u00e7\u00e3o de equipamentos para tratamento de \u00e1gua, esgoto e efluentes industriais com mais de 25 anos de experi\u00eancia. Visando oferecer as mais adequadas solu\u00e7\u00f5es e planejamento junto aos clientes, acompanhamos desde a concep\u00e7\u00e3o dos projetos at\u00e9 a [&hellip;]<\/p>\n","protected":false},"author":1,"featured_media":0,"parent":0,"menu_order":0,"comment_status":"closed","ping_status":"closed","template":"elementor_header_footer","meta":{"footnotes":""},"class_list":["post-46","page","type-page","status-publish","hentry"],"_links":{"self":[{"href":"https:\/\/alosan.com.br\/index.php\/wp-json\/wp\/v2\/pages\/46","targetHints":{"allow":["GET"]}}],"collection":[{"href":"https:\/\/alosan.com.br\/index.php\/wp-json\/wp\/v2\/pages"}],"about":[{"href":"https:\/\/alosan.com.br\/index.php\/wp-json\/wp\/v2\/types\/page"}],"author":[{"embeddable":true,"href":"https:\/\/alosan.com.br\/index.php\/wp-json\/wp\/v2\/users\/1"}],"replies":[{"embeddable":true,"href":"https:\/\/alosan.com.br\/index.php\/wp-json\/wp\/v2\/comments?post=46"}],"version-history":[{"count":30,"href":"https:\/\/alosan.com.br\/index.php\/wp-json\/wp\/v2\/pages\/46\/revisions"}],"predecessor-version":[{"id":893,"href":"https:\/\/alosan.com.br\/index.php\/wp-json\/wp\/v2\/pages\/46\/revisions\/893"}],"wp:attachment":[{"href":"https:\/\/alosan.com.br\/index.php\/wp-json\/wp\/v2\/media?parent=46"}],"curies":[{"name":"wp","href":"https:\/\/api.w.org\/{rel}","templated":true}]}}